{"id":1051,"date":"2012-08-19T22:21:14","date_gmt":"2012-08-19T20:21:14","guid":{"rendered":"http:\/\/www.zipf-net.de\/blog\/?page_id=1051"},"modified":"2023-01-24T18:06:39","modified_gmt":"2023-01-24T17:06:39","slug":"startseite","status":"publish","type":"page","link":"https:\/\/www.zipf-net.de\/blog\/","title":{"rendered":"Zipflog &#8211; Fotografie, Motorrad, Musik&#8230;"},"content":{"rendered":"<h1>Ja, Sie sehen richtig <em>Zipflog<\/em>&#8230;<\/h1>\n<p>&#8230; und nicht Zip-Log. Diese Internetseite hat nicht im Geringsten etwas mit dem ber\u00fchmten ZIP-Format zu tun, welches zur Kompression von Dateien genutzt wird, sondern hier pr\u00e4sentiere ich, J\u00f6rg Zipf, alles rund um meine Hobbies:<\/p>\n<ul>\n<li>Fotografie<\/li>\n<li>Musik<\/li>\n<li>Motorrad<\/li>\n<\/ul>\n<p>Was am Anfang mit der Idee einen Blog, also ein &#8222;Log&#8220; eines Teils meines Lebens, zu schreiben begann, ist inzwischen eine Plattform geworden, auf der ich \u00fcber Motorradtouren berichte, \u00fcber meine Aktivit\u00e4ten rund um die Fotografie und die Musik schreibe und mich \u00fcber ganz allgemeine Themen auslasse.<\/p>\n<p>Inzwischen besteht die Seite nicht nur aus einem Blog, sondern unter dem Men\u00fcpunkt &#8222;Portfolio&#8220; m\u00f6chte ich eine Auswahl meines stetig anwachsenden Foto-Archivs der breiten \u00d6ffentlichkeit zeigen.<\/p>\n<p>Viel Spa\u00df beim lesen und gucken.<\/p>\n","protected":false},"excerpt":{"rendered":"<p>Ja, Sie sehen richtig Zipflog&#8230; &#8230; und nicht Zip-Log. Diese Internetseite hat nicht im Geringsten etwas mit dem ber\u00fchmten ZIP-Format zu tun, welches zur Kompression von Dateien genutzt wird, sondern hier pr\u00e4sentiere ich, J\u00f6rg Zipf, alles rund um meine Hobbies: Fotografie Musik Motorrad Was am Anfang mit der Idee einen Blog, also ein &#8222;Log&#8220; eines [&hellip;]<\/p>\n","protected":false},"author":1,"featured_media":0,"parent":0,"menu_order":1,"comment_status":"closed","ping_status":"closed","template":"","meta":{"jetpack_post_was_ever_published":false,"footnotes":""},"yoast_head":"<!-- This site is optimized with the Yoast SEO plugin v23.5 - https:\/\/yoast.com\/wordpress\/plugins\/seo\/ -->\n<title>Zipflog - Fotografie, Motorrad, Musik... Blog von J\u00c3\u00b6rg Zipf<\/title>\n<meta name=\"description\" content=\"Zipflog - Blog von J\u00c3\u00b6rg Zipf. Hier gibts Fotos, Lichtsetups und Tipps und Tricks rund um die Fotografie und Motorrad-Tourberichte.\" \/>\n<meta name=\"robots\" content=\"index, follow, max-snippet:-1, max-image-preview:large, max-video-preview:-1\" \/>\n<link rel=\"canonical\" href=\"https:\/\/www.zipf-net.de\/blog\/\" \/>\n<meta property=\"og:locale\" content=\"de_DE\" \/>\n<meta property=\"og:type\" content=\"article\" \/>\n<meta property=\"og:title\" content=\"Zipflog - Fotografie, Motorrad, Musik... Blog von J\u00c3\u00b6rg Zipf\" \/>\n<meta property=\"og:description\" content=\"Zipflog - Blog von J\u00c3\u00b6rg Zipf. Hier gibts Fotos, Lichtsetups und Tipps und Tricks rund um die Fotografie und Motorrad-Tourberichte.\" \/>\n<meta property=\"og:url\" content=\"https:\/\/www.zipf-net.de\/blog\/\" \/>\n<meta property=\"og:site_name\" content=\"Zipflog.de\" \/>\n<meta property=\"article:publisher\" content=\"https:\/\/www.facebook.com\/joergzipf\" \/>\n<meta property=\"article:modified_time\" content=\"2023-01-24T17:06:39+00:00\" \/>\n<script type=\"application\/ld+json\" class=\"yoast-schema-graph\">{\"@context\":\"https:\/\/schema.org\",\"@graph\":[{\"@type\":\"WebPage\",\"@id\":\"https:\/\/www.zipf-net.de\/blog\/\",\"url\":\"https:\/\/www.zipf-net.de\/blog\/\",\"name\":\"Zipflog - Fotografie, Motorrad, Musik... Blog von J\u00c3\u00b6rg Zipf\",\"isPartOf\":{\"@id\":\"https:\/\/www.zipf-net.de\/blog\/#website\"},\"datePublished\":\"2012-08-19T20:21:14+00:00\",\"dateModified\":\"2023-01-24T17:06:39+00:00\",\"description\":\"Zipflog - Blog von J\u00c3\u00b6rg Zipf. Hier gibts Fotos, Lichtsetups und Tipps und Tricks rund um die Fotografie und Motorrad-Tourberichte.\",\"breadcrumb\":{\"@id\":\"https:\/\/www.zipf-net.de\/blog\/#breadcrumb\"},\"inLanguage\":\"de\",\"potentialAction\":[{\"@type\":\"ReadAction\",\"target\":[\"https:\/\/www.zipf-net.de\/blog\/\"]}]},{\"@type\":\"BreadcrumbList\",\"@id\":\"https:\/\/www.zipf-net.de\/blog\/#breadcrumb\",\"itemListElement\":[{\"@type\":\"ListItem\",\"position\":1,\"name\":\"Startseite\",\"item\":\"https:\/\/www.zipf-net.de\/blog\/\"},{\"@type\":\"ListItem\",\"position\":2,\"name\":\"Zipflog &#8211; Fotografie, Motorrad, Musik&#8230;\"}]},{\"@type\":\"WebSite\",\"@id\":\"https:\/\/www.zipf-net.de\/blog\/#website\",\"url\":\"https:\/\/www.zipf-net.de\/blog\/\",\"name\":\"Zipflog.de\",\"description\":\"Fotografie, Motorrad, Musik und mehr...\",\"publisher\":{\"@id\":\"https:\/\/www.zipf-net.de\/blog\/#\/schema\/person\/8659e2042d3d6841e04f59a54f0d0210\"},\"potentialAction\":[{\"@type\":\"SearchAction\",\"target\":{\"@type\":\"EntryPoint\",\"urlTemplate\":\"https:\/\/www.zipf-net.de\/blog\/?s={search_term_string}\"},\"query-input\":{\"@type\":\"PropertyValueSpecification\",\"valueRequired\":true,\"valueName\":\"search_term_string\"}}],\"inLanguage\":\"de\"},{\"@type\":[\"Person\",\"Organization\"],\"@id\":\"https:\/\/www.zipf-net.de\/blog\/#\/schema\/person\/8659e2042d3d6841e04f59a54f0d0210\",\"name\":\"J\u00f6rg Zipf\",\"image\":{\"@type\":\"ImageObject\",\"inLanguage\":\"de\",\"@id\":\"https:\/\/www.zipf-net.de\/blog\/#\/schema\/person\/image\/\",\"url\":\"https:\/\/secure.gravatar.com\/avatar\/123722e5c65aae60af100c7b03a5352a?s=96&d=mm&r=g\",\"contentUrl\":\"https:\/\/secure.gravatar.com\/avatar\/123722e5c65aae60af100c7b03a5352a?s=96&d=mm&r=g\",\"caption\":\"J\u00f6rg Zipf\"},\"logo\":{\"@id\":\"https:\/\/www.zipf-net.de\/blog\/#\/schema\/person\/image\/\"},\"sameAs\":[\"http:\/\/joerg.zipf-net.de\",\"https:\/\/www.facebook.com\/joergzipf\"]}]}<\/script>\n<!-- \/ Yoast SEO plugin. -->","yoast_head_json":{"title":"Zipflog - Fotografie, Motorrad, Musik... Blog von J\u00c3\u00b6rg Zipf","description":"Zipflog - Blog von J\u00c3\u00b6rg Zipf. Hier gibts Fotos, Lichtsetups und Tipps und Tricks rund um die Fotografie und Motorrad-Tourberichte.","robots":{"index":"index","follow":"follow","max-snippet":"max-snippet:-1","max-image-preview":"max-image-preview:large","max-video-preview":"max-video-preview:-1"},"canonical":"https:\/\/www.zipf-net.de\/blog\/","og_locale":"de_DE","og_type":"article","og_title":"Zipflog - Fotografie, Motorrad, Musik... Blog von J\u00c3\u00b6rg Zipf","og_description":"Zipflog - Blog von J\u00c3\u00b6rg Zipf. Hier gibts Fotos, Lichtsetups und Tipps und Tricks rund um die Fotografie und Motorrad-Tourberichte.","og_url":"https:\/\/www.zipf-net.de\/blog\/","og_site_name":"Zipflog.de","article_publisher":"https:\/\/www.facebook.com\/joergzipf","article_modified_time":"2023-01-24T17:06:39+00:00","schema":{"@context":"https:\/\/schema.org","@graph":[{"@type":"WebPage","@id":"https:\/\/www.zipf-net.de\/blog\/","url":"https:\/\/www.zipf-net.de\/blog\/","name":"Zipflog - Fotografie, Motorrad, Musik... Blog von J\u00c3\u00b6rg Zipf","isPartOf":{"@id":"https:\/\/www.zipf-net.de\/blog\/#website"},"datePublished":"2012-08-19T20:21:14+00:00","dateModified":"2023-01-24T17:06:39+00:00","description":"Zipflog - Blog von J\u00c3\u00b6rg Zipf. Hier gibts Fotos, Lichtsetups und Tipps und Tricks rund um die Fotografie und Motorrad-Tourberichte.","breadcrumb":{"@id":"https:\/\/www.zipf-net.de\/blog\/#breadcrumb"},"inLanguage":"de","potentialAction":[{"@type":"ReadAction","target":["https:\/\/www.zipf-net.de\/blog\/"]}]},{"@type":"BreadcrumbList","@id":"https:\/\/www.zipf-net.de\/blog\/#breadcrumb","itemListElement":[{"@type":"ListItem","position":1,"name":"Startseite","item":"https:\/\/www.zipf-net.de\/blog\/"},{"@type":"ListItem","position":2,"name":"Zipflog &#8211; Fotografie, Motorrad, Musik&#8230;"}]},{"@type":"WebSite","@id":"https:\/\/www.zipf-net.de\/blog\/#website","url":"https:\/\/www.zipf-net.de\/blog\/","name":"Zipflog.de","description":"Fotografie, Motorrad, Musik und mehr...","publisher":{"@id":"https:\/\/www.zipf-net.de\/blog\/#\/schema\/person\/8659e2042d3d6841e04f59a54f0d0210"},"potentialAction":[{"@type":"SearchAction","target":{"@type":"EntryPoint","urlTemplate":"https:\/\/www.zipf-net.de\/blog\/?s={search_term_string}"},"query-input":{"@type":"PropertyValueSpecification","valueRequired":true,"valueName":"search_term_string"}}],"inLanguage":"de"},{"@type":["Person","Organization"],"@id":"https:\/\/www.zipf-net.de\/blog\/#\/schema\/person\/8659e2042d3d6841e04f59a54f0d0210","name":"J\u00f6rg Zipf","image":{"@type":"ImageObject","inLanguage":"de","@id":"https:\/\/www.zipf-net.de\/blog\/#\/schema\/person\/image\/","url":"https:\/\/secure.gravatar.com\/avatar\/123722e5c65aae60af100c7b03a5352a?s=96&d=mm&r=g","contentUrl":"https:\/\/secure.gravatar.com\/avatar\/123722e5c65aae60af100c7b03a5352a?s=96&d=mm&r=g","caption":"J\u00f6rg Zipf"},"logo":{"@id":"https:\/\/www.zipf-net.de\/blog\/#\/schema\/person\/image\/"},"sameAs":["http:\/\/joerg.zipf-net.de","https:\/\/www.facebook.com\/joergzipf"]}]}},"jetpack_shortlink":"https:\/\/wp.me\/P1euvz-gX","jetpack_sharing_enabled":true,"jetpack-related-posts":[],"_links":{"self":[{"href":"https:\/\/www.zipf-net.de\/blog\/wp-json\/wp\/v2\/pages\/1051"}],"collection":[{"href":"https:\/\/www.zipf-net.de\/blog\/wp-json\/wp\/v2\/pages"}],"about":[{"href":"https:\/\/www.zipf-net.de\/blog\/wp-json\/wp\/v2\/types\/page"}],"author":[{"embeddable":true,"href":"https:\/\/www.zipf-net.de\/blog\/wp-json\/wp\/v2\/users\/1"}],"replies":[{"embeddable":true,"href":"https:\/\/www.zipf-net.de\/blog\/wp-json\/wp\/v2\/comments?post=1051"}],"version-history":[{"count":19,"href":"https:\/\/www.zipf-net.de\/blog\/wp-json\/wp\/v2\/pages\/1051\/revisions"}],"predecessor-version":[{"id":11053,"href":"https:\/\/www.zipf-net.de\/blog\/wp-json\/wp\/v2\/pages\/1051\/revisions\/11053"}],"wp:attachment":[{"href":"https:\/\/www.zipf-net.de\/blog\/wp-json\/wp\/v2\/media?parent=1051"}],"curies":[{"name":"wp","href":"https:\/\/api.w.org\/{rel}","templated":true}]}}