{"id":164,"date":"2010-04-21T20:27:46","date_gmt":"2010-04-21T18:27:46","guid":{"rendered":"http:\/\/www.zipf-net.de\/blog\/index.php\/uber-den-blogger-und-den-blog\/"},"modified":"2024-09-18T11:05:00","modified_gmt":"2024-09-18T09:05:00","slug":"uber-den-blogger-und-den-blog","status":"publish","type":"page","link":"https:\/\/www.zipf-net.de\/blog\/uber-den-blogger-und-den-blog\/","title":{"rendered":"\u00dcber"},"content":{"rendered":"<p><img loading=\"lazy\" decoding=\"async\" data-attachment-id=\"10242\" data-permalink=\"https:\/\/www.zipf-net.de\/blog\/10917121_895564573797901_1932921788548567188_n\/\" data-orig-file=\"https:\/\/www.zipf-net.de\/blog\/wp-content\/uploads\/2022\/07\/10917121_895564573797901_1932921788548567188_n.jpg\" data-orig-size=\"533,533\" data-comments-opened=\"1\" data-image-meta=\"{&quot;aperture&quot;:&quot;0&quot;,&quot;credit&quot;:&quot;&quot;,&quot;camera&quot;:&quot;&quot;,&quot;caption&quot;:&quot;&quot;,&quot;created_timestamp&quot;:&quot;0&quot;,&quot;copyright&quot;:&quot;&quot;,&quot;focal_length&quot;:&quot;0&quot;,&quot;iso&quot;:&quot;0&quot;,&quot;shutter_speed&quot;:&quot;0&quot;,&quot;title&quot;:&quot;&quot;,&quot;orientation&quot;:&quot;0&quot;}\" data-image-title=\"10917121_895564573797901_1932921788548567188_n\" data-image-description=\"\" data-image-caption=\"\" data-medium-file=\"https:\/\/www.zipf-net.de\/blog\/wp-content\/uploads\/2022\/07\/10917121_895564573797901_1932921788548567188_n-300x300.jpg\" data-large-file=\"https:\/\/www.zipf-net.de\/blog\/wp-content\/uploads\/2022\/07\/10917121_895564573797901_1932921788548567188_n.jpg\" tabindex=\"0\" role=\"button\" class=\"alignleft wp-image-10242\" src=\"http:\/\/www.zipf-net.de\/blog\/wp-content\/uploads\/2022\/07\/10917121_895564573797901_1932921788548567188_n-300x300.jpg\" alt=\"\" width=\"400\" height=\"400\" srcset=\"https:\/\/www.zipf-net.de\/blog\/wp-content\/uploads\/2022\/07\/10917121_895564573797901_1932921788548567188_n-300x300.jpg 300w, https:\/\/www.zipf-net.de\/blog\/wp-content\/uploads\/2022\/07\/10917121_895564573797901_1932921788548567188_n-250x250.jpg 250w, https:\/\/www.zipf-net.de\/blog\/wp-content\/uploads\/2022\/07\/10917121_895564573797901_1932921788548567188_n.jpg 533w\" sizes=\"(max-width: 400px) 100vw, 400px\" \/><\/p>\n<h4><span style=\"color: #e78433;\"><strong>Der Blogger<\/strong><\/span><\/h4>\n<p>Name: J\u00f6rg Zipf<br \/>\nBaujahr: 1971<br \/>\nHobbies: Fotografie, Musik, Motorradfahren<br \/>\nBeruf: Service Owner Online-Medien bei einem gro\u00dfen Konzern<\/p>\n<p>Das der kurze Abriss zu meiner Person.<\/p>\n<h4><span style=\"color: #e78433;\"><strong>Der Blog<\/strong><\/span><\/h4>\n<p>Mit diesem Blog m\u00f6chte ich meine Hobbies (siehe oben) und meine Aktivit\u00e4ten rund um diese darstellen.<\/p>\n<h4><span style=\"color: #e78433;\"><strong>Hobby Fotografie<\/strong><\/span><\/h4>\n<p>In den 80er und 90er Jahren habe ich viel mit meiner analogen Spiegelreflexkamera fotografiert und habe dies dann mit dem Einzug des digitalen Zeitalters, und auch mangels Zeit, aufgegeben. Seit 2008 fotografiere ich jetzt mit DSLR&#8217;s und betreibe dies zwar immer noch als Hobby, aber mit dem Anspruch einer gewissen Professionalit\u00e4t. Ich fotografiere sehr gerne Menschen. Mehr von meinen Fotos gibts auf meiner Internetseite <a title=\"Zipfografie\" href=\"http:\/\/zipfografie.de\" target=\"_blank\" rel=\"noopener noreferrer\">Zipfografie<\/a>.<strong><br \/>\n<\/strong><\/p>\n<h4><span style=\"color: #e78433;\"><strong>Hobby Musik<\/strong><\/span><\/h4>\n<p>Ich spiele seit meinem sechsten Lebensjahr Tasteninstrumente. Angefangen habe ich auf einer, damals f\u00fcr mich, riiiiiesen gro\u00dfen Heimorgel. Mit f\u00fcnfzehn habe ich dann meine erste Band gegr\u00fcndet und bin seit dem als Keyboarder in wechselnden Formationen als &#8222;Tanzmucker&#8220; unterwegs. Die &#8222;harte&#8220; Zeit habe ich hier aber schon l\u00e4ngst abgeschlossen und mache das nur noch aus Spa\u00df an der Freude (fr\u00fcher war ich jung und brauchte das Geld ;-)).<br \/>\nNeben den Tasten spiele ich noch diverse Blasinstrumente wie z.B. Fl\u00f6te und tue das auch im Verein.<br \/>\nIch bin Gr\u00fcndungsmitglied der Karnevalsband &#8222;<a title=\"Welscherholz\" href=\"http:\/\/www.welscherholz.de\" target=\"_blank\" rel=\"noopener noreferrer\">Welscherholz<\/a>&#8222;, welche seit \u00fcber zehn Jahren im Rhein-Main-Gebiet auf diversen Sitzungen mit ihrem Programm f\u00fcr Stimmung sorgt.<br \/>\nWenn mich die Muse k\u00fcsst, bring ich ab und zu auch mal das auf Papier, was ich so auf dem Klavier vor mich hin klimpere und es wird ein Lied daraus.<\/p>\n<h4><span style=\"color: #e78433;\"><strong>Hobby Motorrad<\/strong><\/span><\/h4>\n<p>Ich besitze seit meinen 18. Lebensjahr den Motorradf\u00fchrerschein und bin danach leider nur kurz gefahren (damals hat ganz einfach das Geld gefehlt und als Tanzmusiker verdient man auch nicht sooooo viel :-)). Ich bin dann \u00fcber zehn Jahre Vespa-Roller gefahren bis mich mein Nachbar vor zehn Jahren mit dem Virus &#8222;Motorrad&#8220; wieder angesteckt hat. Seit dem bin ich ein begeisterter Tourenfahrer und bin fast jedes Jahr ein Mal in den Alpen.<\/p>\n","protected":false},"excerpt":{"rendered":"<p>Der Blogger Name: J\u00f6rg Zipf Baujahr: 1971 Hobbies: Fotografie, Musik, Motorradfahren Beruf: Service Owner Online-Medien bei einem gro\u00dfen Konzern Das der kurze Abriss zu meiner Person. Der Blog Mit diesem Blog m\u00f6chte ich meine Hobbies (siehe oben) und meine Aktivit\u00e4ten rund um diese darstellen. Hobby Fotografie In den 80er und 90er Jahren habe ich viel [&hellip;]<\/p>\n","protected":false},"author":1,"featured_media":10242,"parent":0,"menu_order":4,"comment_status":"closed","ping_status":"closed","template":"","meta":{"jetpack_post_was_ever_published":false,"footnotes":""},"yoast_head":"<!-- This site is optimized with the Yoast SEO plugin v23.5 - https:\/\/yoast.com\/wordpress\/plugins\/seo\/ -->\n<title>\u00dcber | Zipflog.de<\/title>\n<meta name=\"robots\" content=\"index, follow, max-snippet:-1, max-image-preview:large, max-video-preview:-1\" \/>\n<link rel=\"canonical\" href=\"https:\/\/www.zipf-net.de\/blog\/uber-den-blogger-und-den-blog\/\" \/>\n<meta property=\"og:locale\" content=\"de_DE\" \/>\n<meta property=\"og:type\" content=\"article\" \/>\n<meta property=\"og:title\" content=\"\u00dcber | Zipflog.de\" \/>\n<meta property=\"og:description\" content=\"Der Blogger Name: J\u00f6rg Zipf Baujahr: 1971 Hobbies: Fotografie, Musik, Motorradfahren Beruf: Service Owner Online-Medien bei einem gro\u00dfen Konzern Das der kurze Abriss zu meiner Person. Der Blog Mit diesem Blog m\u00f6chte ich meine Hobbies (siehe oben) und meine Aktivit\u00e4ten rund um diese darstellen. Hobby Fotografie In den 80er und 90er Jahren habe ich viel [&hellip;]\" \/>\n<meta property=\"og:url\" content=\"https:\/\/www.zipf-net.de\/blog\/uber-den-blogger-und-den-blog\/\" \/>\n<meta property=\"og:site_name\" content=\"Zipflog.de\" \/>\n<meta property=\"article:publisher\" content=\"https:\/\/www.facebook.com\/joergzipf\" \/>\n<meta property=\"article:modified_time\" content=\"2024-09-18T09:05:00+00:00\" \/>\n<meta property=\"og:image\" content=\"http:\/\/www.zipf-net.de\/blog\/wp-content\/uploads\/2022\/07\/10917121_895564573797901_1932921788548567188_n.jpg\" \/>\n\t<meta property=\"og:image:width\" content=\"533\" \/>\n\t<meta property=\"og:image:height\" content=\"533\" \/>\n\t<meta property=\"og:image:type\" content=\"image\/jpeg\" \/>\n<script type=\"application\/ld+json\" class=\"yoast-schema-graph\">{\"@context\":\"https:\/\/schema.org\",\"@graph\":[{\"@type\":\"WebPage\",\"@id\":\"https:\/\/www.zipf-net.de\/blog\/uber-den-blogger-und-den-blog\/\",\"url\":\"https:\/\/www.zipf-net.de\/blog\/uber-den-blogger-und-den-blog\/\",\"name\":\"\u00dcber | Zipflog.de\",\"isPartOf\":{\"@id\":\"https:\/\/www.zipf-net.de\/blog\/#website\"},\"primaryImageOfPage\":{\"@id\":\"https:\/\/www.zipf-net.de\/blog\/uber-den-blogger-und-den-blog\/#primaryimage\"},\"image\":{\"@id\":\"https:\/\/www.zipf-net.de\/blog\/uber-den-blogger-und-den-blog\/#primaryimage\"},\"thumbnailUrl\":\"https:\/\/www.zipf-net.de\/blog\/wp-content\/uploads\/2022\/07\/10917121_895564573797901_1932921788548567188_n.jpg\",\"datePublished\":\"2010-04-21T18:27:46+00:00\",\"dateModified\":\"2024-09-18T09:05:00+00:00\",\"breadcrumb\":{\"@id\":\"https:\/\/www.zipf-net.de\/blog\/uber-den-blogger-und-den-blog\/#breadcrumb\"},\"inLanguage\":\"de\",\"potentialAction\":[{\"@type\":\"ReadAction\",\"target\":[\"https:\/\/www.zipf-net.de\/blog\/uber-den-blogger-und-den-blog\/\"]}]},{\"@type\":\"ImageObject\",\"inLanguage\":\"de\",\"@id\":\"https:\/\/www.zipf-net.de\/blog\/uber-den-blogger-und-den-blog\/#primaryimage\",\"url\":\"https:\/\/www.zipf-net.de\/blog\/wp-content\/uploads\/2022\/07\/10917121_895564573797901_1932921788548567188_n.jpg\",\"contentUrl\":\"https:\/\/www.zipf-net.de\/blog\/wp-content\/uploads\/2022\/07\/10917121_895564573797901_1932921788548567188_n.jpg\",\"width\":533,\"height\":533},{\"@type\":\"BreadcrumbList\",\"@id\":\"https:\/\/www.zipf-net.de\/blog\/uber-den-blogger-und-den-blog\/#breadcrumb\",\"itemListElement\":[{\"@type\":\"ListItem\",\"position\":1,\"name\":\"Startseite\",\"item\":\"https:\/\/www.zipf-net.de\/blog\/\"},{\"@type\":\"ListItem\",\"position\":2,\"name\":\"\u00dcber\"}]},{\"@type\":\"WebSite\",\"@id\":\"https:\/\/www.zipf-net.de\/blog\/#website\",\"url\":\"https:\/\/www.zipf-net.de\/blog\/\",\"name\":\"Zipflog.de\",\"description\":\"Fotografie, Motorrad, Musik und mehr...\",\"publisher\":{\"@id\":\"https:\/\/www.zipf-net.de\/blog\/#\/schema\/person\/8659e2042d3d6841e04f59a54f0d0210\"},\"potentialAction\":[{\"@type\":\"SearchAction\",\"target\":{\"@type\":\"EntryPoint\",\"urlTemplate\":\"https:\/\/www.zipf-net.de\/blog\/?s={search_term_string}\"},\"query-input\":{\"@type\":\"PropertyValueSpecification\",\"valueRequired\":true,\"valueName\":\"search_term_string\"}}],\"inLanguage\":\"de\"},{\"@type\":[\"Person\",\"Organization\"],\"@id\":\"https:\/\/www.zipf-net.de\/blog\/#\/schema\/person\/8659e2042d3d6841e04f59a54f0d0210\",\"name\":\"J\u00f6rg Zipf\",\"image\":{\"@type\":\"ImageObject\",\"inLanguage\":\"de\",\"@id\":\"https:\/\/www.zipf-net.de\/blog\/#\/schema\/person\/image\/\",\"url\":\"https:\/\/secure.gravatar.com\/avatar\/123722e5c65aae60af100c7b03a5352a?s=96&d=mm&r=g\",\"contentUrl\":\"https:\/\/secure.gravatar.com\/avatar\/123722e5c65aae60af100c7b03a5352a?s=96&d=mm&r=g\",\"caption\":\"J\u00f6rg Zipf\"},\"logo\":{\"@id\":\"https:\/\/www.zipf-net.de\/blog\/#\/schema\/person\/image\/\"},\"sameAs\":[\"http:\/\/joerg.zipf-net.de\",\"https:\/\/www.facebook.com\/joergzipf\"]}]}<\/script>\n<!-- \/ Yoast SEO plugin. -->","yoast_head_json":{"title":"\u00dcber | Zipflog.de","robots":{"index":"index","follow":"follow","max-snippet":"max-snippet:-1","max-image-preview":"max-image-preview:large","max-video-preview":"max-video-preview:-1"},"canonical":"https:\/\/www.zipf-net.de\/blog\/uber-den-blogger-und-den-blog\/","og_locale":"de_DE","og_type":"article","og_title":"\u00dcber | Zipflog.de","og_description":"Der Blogger Name: J\u00f6rg Zipf Baujahr: 1971 Hobbies: Fotografie, Musik, Motorradfahren Beruf: Service Owner Online-Medien bei einem gro\u00dfen Konzern Das der kurze Abriss zu meiner Person. Der Blog Mit diesem Blog m\u00f6chte ich meine Hobbies (siehe oben) und meine Aktivit\u00e4ten rund um diese darstellen. Hobby Fotografie In den 80er und 90er Jahren habe ich viel [&hellip;]","og_url":"https:\/\/www.zipf-net.de\/blog\/uber-den-blogger-und-den-blog\/","og_site_name":"Zipflog.de","article_publisher":"https:\/\/www.facebook.com\/joergzipf","article_modified_time":"2024-09-18T09:05:00+00:00","og_image":[{"width":533,"height":533,"url":"http:\/\/www.zipf-net.de\/blog\/wp-content\/uploads\/2022\/07\/10917121_895564573797901_1932921788548567188_n.jpg","type":"image\/jpeg"}],"schema":{"@context":"https:\/\/schema.org","@graph":[{"@type":"WebPage","@id":"https:\/\/www.zipf-net.de\/blog\/uber-den-blogger-und-den-blog\/","url":"https:\/\/www.zipf-net.de\/blog\/uber-den-blogger-und-den-blog\/","name":"\u00dcber | Zipflog.de","isPartOf":{"@id":"https:\/\/www.zipf-net.de\/blog\/#website"},"primaryImageOfPage":{"@id":"https:\/\/www.zipf-net.de\/blog\/uber-den-blogger-und-den-blog\/#primaryimage"},"image":{"@id":"https:\/\/www.zipf-net.de\/blog\/uber-den-blogger-und-den-blog\/#primaryimage"},"thumbnailUrl":"https:\/\/www.zipf-net.de\/blog\/wp-content\/uploads\/2022\/07\/10917121_895564573797901_1932921788548567188_n.jpg","datePublished":"2010-04-21T18:27:46+00:00","dateModified":"2024-09-18T09:05:00+00:00","breadcrumb":{"@id":"https:\/\/www.zipf-net.de\/blog\/uber-den-blogger-und-den-blog\/#breadcrumb"},"inLanguage":"de","potentialAction":[{"@type":"ReadAction","target":["https:\/\/www.zipf-net.de\/blog\/uber-den-blogger-und-den-blog\/"]}]},{"@type":"ImageObject","inLanguage":"de","@id":"https:\/\/www.zipf-net.de\/blog\/uber-den-blogger-und-den-blog\/#primaryimage","url":"https:\/\/www.zipf-net.de\/blog\/wp-content\/uploads\/2022\/07\/10917121_895564573797901_1932921788548567188_n.jpg","contentUrl":"https:\/\/www.zipf-net.de\/blog\/wp-content\/uploads\/2022\/07\/10917121_895564573797901_1932921788548567188_n.jpg","width":533,"height":533},{"@type":"BreadcrumbList","@id":"https:\/\/www.zipf-net.de\/blog\/uber-den-blogger-und-den-blog\/#breadcrumb","itemListElement":[{"@type":"ListItem","position":1,"name":"Startseite","item":"https:\/\/www.zipf-net.de\/blog\/"},{"@type":"ListItem","position":2,"name":"\u00dcber"}]},{"@type":"WebSite","@id":"https:\/\/www.zipf-net.de\/blog\/#website","url":"https:\/\/www.zipf-net.de\/blog\/","name":"Zipflog.de","description":"Fotografie, Motorrad, Musik und mehr...","publisher":{"@id":"https:\/\/www.zipf-net.de\/blog\/#\/schema\/person\/8659e2042d3d6841e04f59a54f0d0210"},"potentialAction":[{"@type":"SearchAction","target":{"@type":"EntryPoint","urlTemplate":"https:\/\/www.zipf-net.de\/blog\/?s={search_term_string}"},"query-input":{"@type":"PropertyValueSpecification","valueRequired":true,"valueName":"search_term_string"}}],"inLanguage":"de"},{"@type":["Person","Organization"],"@id":"https:\/\/www.zipf-net.de\/blog\/#\/schema\/person\/8659e2042d3d6841e04f59a54f0d0210","name":"J\u00f6rg Zipf","image":{"@type":"ImageObject","inLanguage":"de","@id":"https:\/\/www.zipf-net.de\/blog\/#\/schema\/person\/image\/","url":"https:\/\/secure.gravatar.com\/avatar\/123722e5c65aae60af100c7b03a5352a?s=96&d=mm&r=g","contentUrl":"https:\/\/secure.gravatar.com\/avatar\/123722e5c65aae60af100c7b03a5352a?s=96&d=mm&r=g","caption":"J\u00f6rg Zipf"},"logo":{"@id":"https:\/\/www.zipf-net.de\/blog\/#\/schema\/person\/image\/"},"sameAs":["http:\/\/joerg.zipf-net.de","https:\/\/www.facebook.com\/joergzipf"]}]}},"jetpack_shortlink":"https:\/\/wp.me\/P1euvz-2E","jetpack_sharing_enabled":true,"jetpack-related-posts":[],"_links":{"self":[{"href":"https:\/\/www.zipf-net.de\/blog\/wp-json\/wp\/v2\/pages\/164"}],"collection":[{"href":"https:\/\/www.zipf-net.de\/blog\/wp-json\/wp\/v2\/pages"}],"about":[{"href":"https:\/\/www.zipf-net.de\/blog\/wp-json\/wp\/v2\/types\/page"}],"author":[{"embeddable":true,"href":"https:\/\/www.zipf-net.de\/blog\/wp-json\/wp\/v2\/users\/1"}],"replies":[{"embeddable":true,"href":"https:\/\/www.zipf-net.de\/blog\/wp-json\/wp\/v2\/comments?post=164"}],"version-history":[{"count":36,"href":"https:\/\/www.zipf-net.de\/blog\/wp-json\/wp\/v2\/pages\/164\/revisions"}],"predecessor-version":[{"id":13653,"href":"https:\/\/www.zipf-net.de\/blog\/wp-json\/wp\/v2\/pages\/164\/revisions\/13653"}],"wp:featuredmedia":[{"embeddable":true,"href":"https:\/\/www.zipf-net.de\/blog\/wp-json\/wp\/v2\/media\/10242"}],"wp:attachment":[{"href":"https:\/\/www.zipf-net.de\/blog\/wp-json\/wp\/v2\/media?parent=164"}],"curies":[{"name":"wp","href":"https:\/\/api.w.org\/{rel}","templated":true}]}}